{"id":3070,"date":"2024-12-05T12:06:55","date_gmt":"2024-12-05T11:06:55","guid":{"rendered":"https:\/\/dev.advanced-concepts.de\/?page_id=3070"},"modified":"2024-12-19T13:55:56","modified_gmt":"2024-12-19T12:55:56","slug":"uebersetzungsansicht","status":"publish","type":"page","link":"https:\/\/advanced-concepts.de\/en\/uebersetzungsansicht\/","title":{"rendered":"\u00dcbersetzungsansicht"},"content":{"rendered":"<section class=\"u-clearfix u-grey-5 u-section-2\" id=\"sec-c75c\">\n      <div class=\"u-clearfix u-sheet u-valign-middle u-sheet-1\">\n        <div class=\"data-layout-selected u-clearfix u-expanded-width u-layout-wrap u-layout-wrap-1\">\n          <div class=\"u-layout\">\n            <div class=\"u-layout-row\">\n              <div class=\"u-container-style u-layout-cell u-size-30 u-layout-cell-1\">\n                <div class=\"u-container-layout u-valign-middle u-container-layout-1\">\n                  <img decoding=\"async\" class=\"u-image u-image-contain u-image-default u-image-1\" src=\"https:\/\/advanced-concepts.de\/wp-content\/uploads\/2024\/12\/ac_ki_320_181.png\" alt=\"\" data-image-width=\"320\" data-image-height=\"181\">\n                <\/div>\n              <\/div>\n              <div class=\"u-container-style u-layout-cell u-size-30 u-layout-cell-2\">\n                <div class=\"u-container-layout u-container-layout-2\">\n                  <blockquote class=\"u-border-none u-text u-text-custom-color-13 u-text-1\">19.12.2024<\/blockquote>\n                  <h4 class=\"u-text u-text-2\"> Additional AI translation view in ac.PIM<br>\n                  <\/h4>\n                  <p class=\"u-text u-text-3\"> Experience the new view in which all string features of a node are displayed in both the source and target language. This allows you to translate features accurately and precisely. This feature is available to all users who have purchased our AI translation feature. Use this extension for an even more accurate and efficient translation!<\/p>\n                <\/div>\n              <\/div>\n            <\/div>\n          <\/div>\n        <\/div>\n      <\/div>\n    <\/section>","protected":false},"excerpt":{"rendered":"<p>19.12.2024 Zus\u00e4tzliche KI-\u00dcbersetzungsansicht im ac.PIM Erleben Sie die neue Ansicht, in der s\u00e4mtliche Zeichenfolge-Merkmale eines Knotens sowohl in der Quell- als auch in der Zielsprache angezeigt werden. So k\u00f6nnen Sie Merkmale gezielt und pr\u00e4zise \u00fcbersetzen. Diese Funktion ist f\u00fcr alle Benutzer verf\u00fcgbar, die unsere KI-\u00dcbersetzungsfunktion erworben haben. Nutzen Sie diese Erweiterung f\u00fcr eine noch genauere &hellip; <a href=\"https:\/\/advanced-concepts.de\/en\/uebersetzungsansicht\/\" class=\"more-link\">Continue reading<span class=\"screen-reader-text\"> &#8222;\u00dcbersetzungsansicht&#8220;<\/span><\/a><\/p>","protected":false},"author":2,"featured_media":0,"parent":0,"menu_order":0,"comment_status":"closed","ping_status":"closed","template":"","meta":{"footnotes":""},"class_list":["post-3070","page","type-page","status-publish","hentry"],"_links":{"self":[{"href":"https:\/\/advanced-concepts.de\/en\/wp-json\/wp\/v2\/pages\/3070","targetHints":{"allow":["GET"]}}],"collection":[{"href":"https:\/\/advanced-concepts.de\/en\/wp-json\/wp\/v2\/pages"}],"about":[{"href":"https:\/\/advanced-concepts.de\/en\/wp-json\/wp\/v2\/types\/page"}],"author":[{"embeddable":true,"href":"https:\/\/advanced-concepts.de\/en\/wp-json\/wp\/v2\/users\/2"}],"replies":[{"embeddable":true,"href":"https:\/\/advanced-concepts.de\/en\/wp-json\/wp\/v2\/comments?post=3070"}],"version-history":[{"count":7,"href":"https:\/\/advanced-concepts.de\/en\/wp-json\/wp\/v2\/pages\/3070\/revisions"}],"predecessor-version":[{"id":3084,"href":"https:\/\/advanced-concepts.de\/en\/wp-json\/wp\/v2\/pages\/3070\/revisions\/3084"}],"wp:attachment":[{"href":"https:\/\/advanced-concepts.de\/en\/wp-json\/wp\/v2\/media?parent=3070"}],"curies":[{"name":"wp","href":"https:\/\/api.w.org\/{rel}","templated":true}]}}