{"id":3041,"date":"2024-07-23T15:09:09","date_gmt":"2024-07-23T13:09:09","guid":{"rendered":"https:\/\/advanced-concepts.de\/3041-2\/"},"modified":"2025-06-25T09:38:30","modified_gmt":"2025-06-25T07:38:30","slug":"ki_und_acpim","status":"publish","type":"page","link":"https:\/\/advanced-concepts.de\/en\/ki_und_acpim\/","title":{"rendered":"KI und ac.PIM"},"content":{"rendered":"<section class=\"u-clearfix u-grey-5 u-section-2\" id=\"sec-e254\">\n      <div class=\"u-clearfix u-sheet u-sheet-1\">\n        <div class=\"data-layout-selected u-clearfix u-layout-wrap u-layout-wrap-1\">\n          <div class=\"u-layout\">\n            <div class=\"u-layout-row\">\n              <div class=\"u-container-style u-layout-cell u-size-30 u-layout-cell-1\">\n                <div class=\"u-container-layout u-container-layout-1\">\n                  <img decoding=\"async\" class=\"u-expanded-width-lg u-expanded-width-md u-expanded-width-sm u-expanded-width-xl u-expanded-width-xs u-image u-image-contain u-image-default u-image-1\" src=\"https:\/\/advanced-concepts.de\/wp-content\/uploads\/2024\/07\/ac_ki_595_335-3.png\" alt=\"\" data-image-width=\"595\" data-image-height=\"335\">\n                <\/div>\n              <\/div>\n              <div class=\"u-container-style u-layout-cell u-size-30 u-layout-cell-2\">\n                <div class=\"u-container-layout u-container-layout-2\">\n                  <blockquote class=\"u-border-none u-text u-text-custom-color-13 u-text-1\">22.07.2024<\/blockquote>\n                  <h4 class=\"u-text u-text-2\"> Save a lot of time and money!<\/h4>\n                  <h4 class=\"u-text u-text-3\"> AI-supported text generation with ac.PIM:<\/h4>\n                  <p class=\"u-text u-text-4\"> Available now: <br>We now also offer you the usability of artificial intelligence in ac.PIM. Using the API of the Neuroflash tool, texts are generated based on selected keywords, which can be output in various tonalities.\n                  <\/p>\n                  <h4 class=\"u-text u-text-5\"> AI-supported translation with ac.PIM:<\/h4>\n                  <p class=\"u-text u-text-6\"> Expected to be available from mid-August: <br>Using the API of the tool DeepL, you can decide whether individual texts or all texts of a text type should be translated as required.\n                  <\/p>\n                <\/div>\n              <\/div>\n            <\/div>\n          <\/div>\n        <\/div>\n      <\/div>\n    <\/section>","protected":false},"excerpt":{"rendered":"<p>22.07.2024 Sparen Sie viel Zeit und Geld! KI-gest\u00fctzte Textgenerierung mit ac.PIM: Ab sofort verf\u00fcgbar: Wir bieten Ihnen nun auch die Nutzbarkeit K\u00fcnstlicher Intelligenz im ac.PIM. Mittels der API des Tools Neuroflash werden Texte anhand auszuw\u00e4hlender Schlagworte generiert, die in diversen Tonalit\u00e4ten ausgegeben werden k\u00f6nnen. KI-gest\u00fctzte \u00dcbersetzung mit ac.PIM: Ab voraussichtlich Mitte August verf\u00fcgbar: Mittels der &hellip; <a href=\"https:\/\/advanced-concepts.de\/en\/ki_und_acpim\/\" class=\"more-link\">Continue reading<span class=\"screen-reader-text\"> &#8222;KI und ac.PIM&#8220;<\/span><\/a><\/p>","protected":false},"author":2,"featured_media":0,"parent":0,"menu_order":0,"comment_status":"closed","ping_status":"closed","template":"","meta":{"footnotes":""},"class_list":["post-3041","page","type-page","status-publish","hentry"],"_links":{"self":[{"href":"https:\/\/advanced-concepts.de\/en\/wp-json\/wp\/v2\/pages\/3041","targetHints":{"allow":["GET"]}}],"collection":[{"href":"https:\/\/advanced-concepts.de\/en\/wp-json\/wp\/v2\/pages"}],"about":[{"href":"https:\/\/advanced-concepts.de\/en\/wp-json\/wp\/v2\/types\/page"}],"author":[{"embeddable":true,"href":"https:\/\/advanced-concepts.de\/en\/wp-json\/wp\/v2\/users\/2"}],"replies":[{"embeddable":true,"href":"https:\/\/advanced-concepts.de\/en\/wp-json\/wp\/v2\/comments?post=3041"}],"version-history":[{"count":6,"href":"https:\/\/advanced-concepts.de\/en\/wp-json\/wp\/v2\/pages\/3041\/revisions"}],"predecessor-version":[{"id":3116,"href":"https:\/\/advanced-concepts.de\/en\/wp-json\/wp\/v2\/pages\/3041\/revisions\/3116"}],"wp:attachment":[{"href":"https:\/\/advanced-concepts.de\/en\/wp-json\/wp\/v2\/media?parent=3041"}],"curies":[{"name":"wp","href":"https:\/\/api.w.org\/{rel}","templated":true}]}}