{"id":1671,"date":"2021-10-18T09:49:09","date_gmt":"2021-10-18T07:49:09","guid":{"rendered":"https:\/\/advanced-concepts.de\/?page_id=1671"},"modified":"2026-02-24T09:45:04","modified_gmt":"2026-02-24T08:45:04","slug":"translate","status":"publish","type":"page","link":"https:\/\/advanced-concepts.de\/en\/translate\/","title":{"rendered":"Translate"},"content":{"rendered":"<section class=\"u-clearfix u-grey-5 u-section-2\" id=\"sec-9095\">\n      <div class=\"u-clearfix u-sheet u-valign-middle-lg u-valign-middle-xl u-valign-middle-xxl u-sheet-1\">\n        <img decoding=\"async\" class=\"u-image u-image-round u-radius-10 u-image-1\" src=\"https:\/\/advanced-concepts.de\/wp-content\/uploads\/2022\/11\/blau.jpg\" alt=\"\" data-image-width=\"97\" data-image-height=\"98\">\n        <h1 class=\"u-text u-text-default u-title u-text-1\">ac.Translate<\/h1>\n      <\/div>\n    <\/section>\n    <section class=\"u-clearfix u-grey-5 u-section-3\" id=\"sec-5142\">\n      <div class=\"u-clearfix u-sheet u-valign-middle-lg u-valign-middle-xl u-valign-middle-xxl u-sheet-1\">\n        <p class=\"u-text u-text-custom-color-1 u-text-1\"> Other countries - other languages! With ac.Translate the import and export of foreign-language product data succeeds<\/p>\n      <\/div>\n    <\/section>\n    <section class=\"u-clearfix u-grey-5 u-hidden-lg u-hidden-md u-hidden-sm u-hidden-xl u-hidden-xs u-section-4\" id=\"sec-c1b5\">\n      <div class=\"u-clearfix u-sheet u-valign-middle u-sheet-1\">\n        <img decoding=\"async\" class=\"u-expanded-width u-image u-image-round u-radius-10 u-image-1\" src=\"https:\/\/advanced-concepts.de\/wp-content\/uploads\/2022\/11\/henrichshuette_hattingen_09_1440.png\" alt=\"\" data-image-width=\"1440\" data-image-height=\"484\">\n        <h2 class=\"u-custom-font u-text u-text-custom-color-1 u-text-default-xxl u-text-1\"> Also internationally present through ac.Translate<\/h2>\n        <p class=\"u-text u-text-custom-color-1 u-text-2\"> Product informations must be sent to your service providers in a structured way for translation and must be returned to your database in the correct place in the translated language.<br>\n          <br>ac.Translate is the module for the export and import of <span style=\"font-weight: 700;\">translation data<\/span> from the ac.PIM DB based on CSV, XML or SGML files. <br>\n          <br>For the management of the translation processes we cooperate with our partner <a href=\"https:\/\/www.ontram.de\" class=\"u-active-none u-border-2 u-border-custom-color-7 u-border-hover-palette-2-base u-border-no-left u-border-no-right u-border-no-top u-btn u-button-link u-button-style u-hover-none u-none u-text-custom-color-7 u-text-hover-palette-2-base u-btn-1\" target=\"_blank\" rel=\"noopener\"> ONTRAM <\/a>\n          <br>\n          <br>ONTRAM is a completely web-based Translation Management System (TMS) that competently supports you in the production of your corporate translations.\n        <\/p>\n      <\/div>\n    <\/section>\n    <section class=\"u-clearfix u-grey-5 u-hidden-md u-hidden-sm u-hidden-xl u-hidden-xs u-hidden-xxl u-section-5\" id=\"carousel_7950\">\n      <div class=\"u-clearfix u-sheet u-valign-middle u-sheet-1\">\n        <img decoding=\"async\" class=\"u-expanded-width u-image u-image-round u-radius-10 u-image-1\" src=\"https:\/\/advanced-concepts.de\/wp-content\/uploads\/2022\/11\/henrichshuette_hattingen_09_990.png\" alt=\"\" data-image-width=\"990\" data-image-height=\"332\">\n        <h2 class=\"u-custom-font u-text u-text-custom-color-1 u-text-default-xxl u-text-1\"> Also internationally present through ac.Translate<\/h2>\n        <p class=\"u-text u-text-custom-color-1 u-text-2\"> Product informations must be sent to your service providers in a structured way for translation and must be returned to your database in the correct place in the translated language.<br>\n          <br>ac.Translate is the module for the export and import of <span style=\"font-weight: 700;\">translation data<\/span> from the ac.PIM DB based on CSV, XML or SGML files. <br>\n          <br>For the management of the translation processes we cooperate with our partner <a href=\"https:\/\/www.ontram.de\" class=\"u-active-none u-border-2 u-border-custom-color-7 u-border-hover-palette-2-base u-border-no-left u-border-no-right u-border-no-top u-btn u-button-link u-button-style u-hover-none u-none u-text-custom-color-7 u-text-hover-palette-2-base u-btn-1\" target=\"_blank\" rel=\"noopener\"> ONTRAM <\/a>\n          <br>\n          <br>ONTRAM is a completely web-based Translation Management System (TMS) that competently supports you in the production of your corporate translations.\n        <\/p>\n      <\/div>\n    <\/section>\n    <section class=\"u-clearfix u-grey-5 u-hidden-lg u-hidden-md u-hidden-sm u-hidden-xs u-hidden-xxl u-section-6\" id=\"carousel_3283\">\n      <div class=\"u-clearfix u-sheet u-valign-middle u-sheet-1\">\n        <img decoding=\"async\" class=\"u-expanded-width u-image u-image-round u-radius-10 u-image-1\" src=\"https:\/\/advanced-concepts.de\/wp-content\/uploads\/2022\/11\/henrichshuette_hattingen_09_1200.png\" alt=\"\" data-image-width=\"1200\" data-image-height=\"403\">\n        <h2 class=\"u-custom-font u-text u-text-custom-color-1 u-text-default-xxl u-text-1\"> Also internationally present through ac.Translate<\/h2>\n        <p class=\"u-text u-text-custom-color-1 u-text-2\"> Product informations must be sent to your service providers in a structured way for translation and must be returned to your database in the correct place in the translated language.<br>\n          <br>ac.Translate is the module for the export and import of <span style=\"font-weight: 700;\">translation data<\/span> from the ac.PIM DB based on CSV, XML or SGML files. <br>\n          <br>For the management of the translation processes we cooperate with our partner <a href=\"https:\/\/www.ontram.de\" class=\"u-active-none u-border-2 u-border-custom-color-7 u-border-hover-palette-2-base u-border-no-left u-border-no-right u-border-no-top u-btn u-button-link u-button-style u-hover-none u-none u-text-custom-color-7 u-text-hover-palette-2-base u-btn-1\" target=\"_blank\" rel=\"noopener\"> ONTRAM <\/a>\n          <br>\n          <br>ONTRAM is a completely web-based Translation Management System (TMS) that competently supports you in the production of your corporate translations.\n        <\/p>\n      <\/div>\n    <\/section>\n    <section class=\"u-clearfix u-grey-5 u-hidden-lg u-hidden-xl u-hidden-xxl u-section-7\" id=\"carousel_44e8\">\n      <div class=\"u-clearfix u-sheet u-valign-middle-lg u-valign-middle-md u-valign-middle-xl u-valign-middle-xxl u-sheet-1\">\n        <img decoding=\"async\" class=\"u-expanded-width-md u-expanded-width-sm u-expanded-width-xs u-image u-image-round u-radius-10 u-image-1\" src=\"https:\/\/advanced-concepts.de\/wp-content\/uploads\/2022\/11\/orange.jpg\" alt=\"\" data-image-width=\"97\" data-image-height=\"98\">\n        <h2 class=\"u-custom-font u-text u-text-custom-color-1 u-text-default-lg u-text-default-md u-text-default-xl u-text-default-xxl u-text-1\"> Also internationally present through ac.Translate<\/h2>\n        <p class=\"u-text u-text-custom-color-1 u-text-2\"> Product informations must be sent to your service providers in a structured way for translation and must be returned to your database in the correct place in the translated language.<br>\n          <br>ac.Translate is the module for the export and import of <span style=\"font-weight: 700;\">translation data<\/span> from the ac.PIM DB based on CSV, XML or SGML files. <br>\n          <br>For the management of the translation processes we cooperate with our partner <a href=\"https:\/\/www.ontram.de\" class=\"u-active-none u-border-2 u-border-custom-color-7 u-border-hover-palette-2-base u-border-no-left u-border-no-right u-border-no-top u-btn u-button-link u-button-style u-hover-none u-none u-text-custom-color-7 u-text-hover-palette-2-base u-btn-1\" target=\"_blank\" rel=\"noopener\">ONTRAM<\/a>\n          <br>\n          <br>ONTRAM is a completely web-based Translation Management System (TMS) that competently supports you in the production of your corporate translations.\n        <\/p>\n      <\/div>\n    <\/section>\n    <section class=\"u-clearfix u-grey-5 u-section-8\" id=\"sec-591e\">\n      <div class=\"u-clearfix u-sheet u-valign-middle u-sheet-1\">\n        <p class=\"u-text u-text-custom-color-3 u-text-1\"> Your presence in international markets is the key to sustainable business success. Take advantage of the opportunities offered by the <span style=\"font-weight: 700;\">data translation<\/span> of ac.Translate.\n        <\/p>\n      <\/div>\n    <\/section>\n    <section class=\"u-clearfix u-grey-5 u-section-9\" id=\"sec-299d\">\n      <div class=\"u-clearfix u-sheet u-sheet-1\">\n        <div class=\"u-container-style u-custom-color-4 u-expanded-width-lg u-expanded-width-md u-expanded-width-sm u-expanded-width-xs u-group u-radius-10 u-shape-round u-group-1\">\n          <div class=\"u-container-layout u-valign-top u-container-layout-1\">\n            <h2 class=\"u-custom-font u-text u-text-custom-color-1 u-text-font u-text-1\"> Your product advantages with ac.Translate<\/h2>\n            <ul class=\"u-text u-text-custom-color-1 u-text-2\">\n              <li> User-friendly creation of translation files in CSV, XML and SGML formats<\/li>\n              <li>All language-dependent data on your products can be exported<\/li>\n              <li>Control function during the import of the translated data<\/li>\n              <li>Creation of profile data types for simplified output for further translations<\/li>\n            <\/ul>\n            <p class=\"u-text u-text-custom-color-3 u-text-3\"> Optionally, translations can also be made in ac.PIM.<\/p>\n          <\/div>\n        <\/div>\n        <div class=\"u-container-style u-custom-color-1 u-expanded-width-lg u-expanded-width-md u-expanded-width-sm u-expanded-width-xs u-group u-radius-10 u-shape-round u-group-2\">\n          <div class=\"u-container-layout u-container-layout-2\">\n            <h2 class=\"u-align-center u-custom-font u-text u-text-default u-text-font u-text-white u-text-4\"> Downloads for this product<br>\n            <\/h2>\n            <a href=\"https:\/\/advanced-concepts.de\/wp-content\/uploads\/2022\/06\/Produktdatenblatt_ac.Translate-1.pdf\" class=\"u-align-center u-border-2 u-border-grey-75 u-btn u-btn-round u-button-style u-file-link u-gradient u-hover-feature u-radius-50 u-text-hover-custom-color-11 u-text-custom-color-1 u-none u-btn-1\"> ac.Translate product data sheet<\/a>\n            <a href=\"https:\/\/advanced-concepts.de\/wp-content\/uploads\/2022\/06\/Produktdatenblatt_ac.Translate-1.pdf\" class=\"u-align-center u-border-2 u-border-grey-75 u-btn u-btn-round u-button-style u-file-link u-gradient u-hover-feature u-radius-50 u-text-hover-custom-color-11 u-text-custom-color-1 u-none u-btn-2\"> Systemvoraussetzungen und <br>Schnittstellen \n            <\/a>\n          <\/div>\n        <\/div>\n        <div class=\"u-container-style u-expanded-width-sm u-expanded-width-xs u-group u-shape-rectangle u-group-3\">\n          <div class=\"u-container-layout u-container-layout-3\">\n            <h2 class=\"u-text u-text-custom-color-1 u-text-default u-text-font u-text-5\">ac.Translate - Selection of data types<br>\n            <\/h2>\n            <img decoding=\"async\" class=\"u-expanded-width-xs u-image u-image-default u-image-1\" src=\"https:\/\/advanced-concepts.de\/wp-content\/uploads\/2021\/11\/translate_datentypen-1.png\" alt=\"\" data-image-width=\"558\" data-image-height=\"302\">\n          <\/div>\n        <\/div>\n        <div class=\"u-container-style u-expanded-width-sm u-expanded-width-xs u-group u-shape-rectangle u-group-4\">\n          <div class=\"u-container-layout u-valign-bottom-sm u-container-layout-4\">\n            <h2 class=\"u-text u-text-custom-color-1 u-text-default u-text-font u-text-6\"> ac.Translate - Start a data export<br>\n            <\/h2>\n            <img decoding=\"async\" class=\"u-align-center-md u-align-center-sm u-align-center-xs u-expanded-width-xs u-image u-image-default u-image-2\" src=\"https:\/\/advanced-concepts.de\/wp-content\/uploads\/2021\/11\/translate_datenexport-1.png\" alt=\"\" data-image-width=\"558\" data-image-height=\"302\">\n          <\/div>\n        <\/div>\n      <\/div>\n      \n      \n    <\/section>","protected":false},"excerpt":{"rendered":"<p>ac.Translate Andere L\u00e4nder \u2013 andere Sprachen! Mit ac.Translate gelingt der Im- und Export von fremdsprachlichen Produktdaten Auch international pr\u00e4sent durch ac.Translate Produktinformationen m\u00fcssen f\u00fcr das \u00dcbersetzen strukturiert an Ihre Dienstleister gesendet werden und in der \u00fcbersetzten Sprache an richtiger Stelle zur\u00fcck in Ihre Datenbank gelangen. ac.Translate ist das Modul f\u00fcr den Export und Import von &hellip; <a href=\"https:\/\/advanced-concepts.de\/en\/translate\/\" class=\"more-link\">Continue reading<span class=\"screen-reader-text\"> &#8222;Translate&#8220;<\/span><\/a><\/p>","protected":false},"author":2,"featured_media":0,"parent":0,"menu_order":18,"comment_status":"closed","ping_status":"closed","template":"","meta":{"footnotes":""},"class_list":["post-1671","page","type-page","status-publish","hentry"],"_links":{"self":[{"href":"https:\/\/advanced-concepts.de\/en\/wp-json\/wp\/v2\/pages\/1671","targetHints":{"allow":["GET"]}}],"collection":[{"href":"https:\/\/advanced-concepts.de\/en\/wp-json\/wp\/v2\/pages"}],"about":[{"href":"https:\/\/advanced-concepts.de\/en\/wp-json\/wp\/v2\/types\/page"}],"author":[{"embeddable":true,"href":"https:\/\/advanced-concepts.de\/en\/wp-json\/wp\/v2\/users\/2"}],"replies":[{"embeddable":true,"href":"https:\/\/advanced-concepts.de\/en\/wp-json\/wp\/v2\/comments?post=1671"}],"version-history":[{"count":23,"href":"https:\/\/advanced-concepts.de\/en\/wp-json\/wp\/v2\/pages\/1671\/revisions"}],"predecessor-version":[{"id":2711,"href":"https:\/\/advanced-concepts.de\/en\/wp-json\/wp\/v2\/pages\/1671\/revisions\/2711"}],"wp:attachment":[{"href":"https:\/\/advanced-concepts.de\/en\/wp-json\/wp\/v2\/media?parent=1671"}],"curies":[{"name":"wp","href":"https:\/\/api.w.org\/{rel}","templated":true}]}}